{"id":6119,"date":"2023-09-28T16:19:30","date_gmt":"2023-09-28T13:19:30","guid":{"rendered":"https:\/\/www.zerowebdemo.com\/multitransport\/?page_id=6119"},"modified":"2023-09-28T17:36:35","modified_gmt":"2023-09-28T14:36:35","slug":"tasinmasi-yasak-urunler","status":"publish","type":"page","link":"https:\/\/multitransport.com.tr\/en\/tasinmasi-yasak-urunler\/","title":{"rendered":"Ta\u015f\u0131nmas\u0131 Yasak \u00dcr\u00fcnler"},"content":{"rendered":"<div data-elementor-type=\"wp-page\" data-elementor-id=\"6119\" class=\"elementor elementor-6119\">\n\t\t\t\t\t\t<section class=\"elementor-section elementor-top-section elementor-element elementor-element-c545898 elementor-section-boxed elementor-section-height-default elementor-section-height-default\" data-id=\"c545898\" data-element_type=\"section\">\n\t\t\t\t\t\t<div class=\"elementor-container elementor-column-gap-default\">\n\t\t\t\t\t<div class=\"elementor-column elementor-col-50 elementor-top-column elementor-element elementor-element-37287eb\" data-id=\"37287eb\" data-element_type=\"column\">\n\t\t\t<div class=\"elementor-widget-wrap elementor-element-populated\">\n\t\t\t\t\t\t<div class=\"elementor-element elementor-element-0dbf934 elementor-widget elementor-widget-image\" data-id=\"0dbf934\" data-element_type=\"widget\" data-widget_type=\"image.default\">\n\t\t\t\t<div class=\"elementor-widget-container\">\n\t\t\t\t\t\t\t\t\t\t\t\t\t\t\t<img fetchpriority=\"high\" decoding=\"async\" width=\"870\" height=\"520\" src=\"https:\/\/multitransport.com.tr\/wp-content\/uploads\/2021\/07\/transportation-logistics-container.jpg\" class=\"attachment-full size-full wp-image-4814\" alt=\"\" srcset=\"https:\/\/multitransport.com.tr\/wp-content\/uploads\/2021\/07\/transportation-logistics-container.jpg 870w, https:\/\/multitransport.com.tr\/wp-content\/uploads\/2021\/07\/transportation-logistics-container-300x179.jpg 300w, https:\/\/multitransport.com.tr\/wp-content\/uploads\/2021\/07\/transportation-logistics-container-768x459.jpg 768w\" sizes=\"(max-width: 870px) 100vw, 870px\" \/>\t\t\t\t\t\t\t\t\t\t\t\t\t\t\t<\/div>\n\t\t\t\t<\/div>\n\t\t\t\t<div class=\"elementor-element elementor-element-23bf802 elementor-widget elementor-widget-spacer\" data-id=\"23bf802\" data-element_type=\"widget\" data-widget_type=\"spacer.default\">\n\t\t\t\t<div class=\"elementor-widget-container\">\n\t\t\t\t\t\t\t<div class=\"elementor-spacer\">\n\t\t\t<div class=\"elementor-spacer-inner\"><\/div>\n\t\t<\/div>\n\t\t\t\t\t\t<\/div>\n\t\t\t\t<\/div>\n\t\t\t\t<div class=\"elementor-element elementor-element-f28ab0e elementor-widget elementor-widget-heading\" data-id=\"f28ab0e\" data-element_type=\"widget\" data-widget_type=\"heading.default\">\n\t\t\t\t<div class=\"elementor-widget-container\">\n\t\t\t\t\t<h2 class=\"elementor-heading-title elementor-size-default\">Ta\u015f\u0131nmas\u0131 Yasak \u00dcr\u00fcnler<\/h2>\t\t\t\t<\/div>\n\t\t\t\t<\/div>\n\t\t\t\t<div class=\"elementor-element elementor-element-42de2e6 elementor-widget elementor-widget-text-editor\" data-id=\"42de2e6\" data-element_type=\"widget\" data-widget_type=\"text-editor.default\">\n\t\t\t\t<div class=\"elementor-widget-container\">\n\t\t\t\t\t\t\t\t\t<p>Uluslararas\u0131 Kargo Ta\u015f\u0131mac\u0131l\u0131\u011f\u0131 (Ekspres Kurye Hizmeti) kapsam\u0131nda ta\u015f\u0131nmas\u0131 yasak \u00fcr\u00fcnler a\u015fa\u011f\u0131daki gibidir.<\/p><p>Ticaret bakanl\u0131\u011f\u0131n\u0131n ihrac\u0131 yasak, \u00f6n izne ve kayda tabi \u00fcr\u00fcnler ile ilgili \u00fcr\u00fcnlerin ekspres kurye kapsam\u0131ndan ta\u015f\u0131nmas\u0131 yasakt\u0131r.\u00a0<a href=\"https:\/\/kms.kaysis.gov.tr\/(X(1)S(x2puyfvvnwvnryi4aak2j3ah))\/Home\/Goster\/25092\" target=\"_blank\" rel=\"noopener\"><strong>G\u00fcncel tebli\u011f i\u00e7in t\u0131klay\u0131n\u0131z.<\/strong>\u00a0<\/a><\/p><p>\u0130zin ve kay\u0131t ba\u015fvurular\u0131 Tek Pencere Sistemi (TPS) \u00fczerinden yap\u0131lmal\u0131d\u0131r. TPS\u2019nin Elektronik Ticaret G\u00fcmr\u00fck Beyan\u0131na (ETGB\u2019ye) uyumlu olmamas\u0131 sebebiyle, k\u0131s\u0131tlamaya konu e\u015fyalar\u0131n resmi beyan y\u00f6ntemiyle (TCGB) ihra\u00e7 edilmesi gerekmektedir. Bunlar aras\u0131nda yer alan \u00fcr\u00fcnler;<\/p><ul><li>Koruyucu g\u00f6zl\u00fckler.<\/li><li>S\u0131v\u0131 ge\u00e7irmez \u00f6nl\u00fckler: Kimyasallara kar\u015f\u0131 kullan\u0131lan koruyucu \u00f6nl\u00fckler.<\/li><li>Koruyucu maskeler: Gaz, toz ve radyoaktif toz filtreli maskeler.<\/li><li>T\u0131bbi ve cerrahi maskeler.<\/li><li>Koruyucu i\u015f elbiseleri.<\/li><li>T\u0131bbi steril ve steril olmayan eldivenler.<\/li><li>Meltblown kuma\u015flar. (GTIP 56 03 Kayda ba\u011fl\u0131)<\/li><li>Yan\u0131c\u0131 \u2013 patlay\u0131c\u0131 ve a\u015f\u0131nd\u0131r\u0131c\u0131 nitelikli tehlikeli maddeler.<\/li><li>El yap\u0131m\u0131 patlay\u0131c\u0131 ve ate\u015fleyici d\u00fczenekler ile di\u011fer patlay\u0131c\u0131 madde ve t\u00fcrevleri.<\/li><li>Bozulabilecek biyolojik maddeler ve radyoaktif maddeler.<\/li><li>Afyon, morfin, kokain ve esrar gibi uyu\u015fturucu maddeler.<\/li><li>Mermi, bo\u015f kovan, tabanca, av t\u00fcfekleri, her t\u00fcrl\u00fc haval\u0131 ve ate\u015fli silahlar, aksam ve mermileri.<\/li><li>Havai fi\u015fek ve yan\u0131c\u0131 patlay\u0131c\u0131 ihtiva i\u00e7eren di\u011fer \u00fcr\u00fcnler.<\/li><li>Pasaport, kimlik belgesi ve benzeri resmi nitelikli belgeler.<\/li><\/ul>\t\t\t\t\t\t\t\t<\/div>\n\t\t\t\t<\/div>\n\t\t\t\t<div class=\"elementor-element elementor-element-cc37d4b elementor-widget elementor-widget-spacer\" data-id=\"cc37d4b\" data-element_type=\"widget\" data-widget_type=\"spacer.default\">\n\t\t\t\t<div class=\"elementor-widget-container\">\n\t\t\t\t\t\t\t<div class=\"elementor-spacer\">\n\t\t\t<div class=\"elementor-spacer-inner\"><\/div>\n\t\t<\/div>\n\t\t\t\t\t\t<\/div>\n\t\t\t\t<\/div>\n\t\t\t\t<section class=\"elementor-section elementor-inner-section elementor-element elementor-element-bdfd26c elementor-section-full_width elementor-section-height-default elementor-section-height-default\" data-id=\"bdfd26c\" data-element_type=\"section\">\n\t\t\t\t\t\t<div class=\"elementor-container elementor-column-gap-no\">\n\t\t\t\t\t<div class=\"elementor-column elementor-col-50 elementor-inner-column elementor-element elementor-element-33d28d2\" data-id=\"33d28d2\" data-element_type=\"column\">\n\t\t\t<div class=\"elementor-widget-wrap\">\n\t\t\t\t\t\t\t<\/div>\n\t\t<\/div>\n\t\t\t\t<div class=\"elementor-column elementor-col-50 elementor-inner-column elementor-element elementor-element-cd2be88\" data-id=\"cd2be88\" data-element_type=\"column\">\n\t\t\t<div class=\"elementor-widget-wrap\">\n\t\t\t\t\t\t\t<\/div>\n\t\t<\/div>\n\t\t\t\t\t<\/div>\n\t\t<\/section>\n\t\t\t\t<div class=\"elementor-element elementor-element-d308beb elementor-widget elementor-widget-spacer\" data-id=\"d308beb\" data-element_type=\"widget\" data-widget_type=\"spacer.default\">\n\t\t\t\t<div class=\"elementor-widget-container\">\n\t\t\t\t\t\t\t<div class=\"elementor-spacer\">\n\t\t\t<div class=\"elementor-spacer-inner\"><\/div>\n\t\t<\/div>\n\t\t\t\t\t\t<\/div>\n\t\t\t\t<\/div>\n\t\t\t\t<div class=\"elementor-element elementor-element-f9d93a2 elementor-widget elementor-widget-text-editor\" data-id=\"f9d93a2\" data-element_type=\"widget\" data-widget_type=\"text-editor.default\">\n\t\t\t\t<div class=\"elementor-widget-container\">\n\t\t\t\t\t\t\t\t\t<ul><li>Telif hakk\u0131 olan markal\u0131 \u00fcr\u00fcnlerin orijinal olmayan kopyalar\u0131, taklitleri, imitasyon \u00fcr\u00fcnler.<\/li><li>Yap\u0131l\u0131\u015f\u0131 ve sadece i\u015fleyi\u015fi ate\u015fli silahlar \u00fcretimi olan 3-D yaz\u0131c\u0131lar.<\/li><li>\u0130la\u00e7<\/li><li>M\u0131knat\u0131sl\u0131 \u00fcr\u00fcnler.<\/li><li>MSDS belgesi olmayan s\u0131v\u0131 veya kimyasal i\u00e7erikli \u00fcr\u00fcnler.<\/li><li>Para, \u00e7ek, senet vb. k\u0131ymetli evrak ile alt\u0131n, g\u00fcm\u00fc\u015f gibi de\u011ferli ta\u015flar ve ziynet e\u015fyalar\u0131.<\/li><li>T\u00fct\u00fcn ve t\u00fct\u00fcn mamulleri.<\/li><li>Batarya, pil gibi patlayabilecek, alev alabilecek \u00fcr\u00fcnler.<\/li><li>B\u0131\u00e7ak benzeri kesici aletler.<\/li><li>Parf\u00fcm, deodorant.<\/li><li>K\u0131sa s\u00fcrede bozulabilecek; et, tavuk, bal\u0131k, ba\u011f\u0131rsak, ham deri, mutfak ya\u011flar\u0131 ve yumurta, s\u0131v\u0131 deterjan, makine ya\u011flar\u0131, plastik ve ya\u011fl\u0131 boyalar.<\/li><li>Canl\u0131, cans\u0131z hayvanlar.<\/li><li>Organ ve cenaze.<\/li><li>\u0130nce ambalaj i\u00e7inde a\u011f\u0131r, sivri, ambalaj\u0131 y\u0131rtabilecek maddeler.<\/li><li>\u00dclkeden \u00e7\u0131k\u0131\u015f\u0131 ve kar\u015f\u0131 \u00fclkeye giri\u015fi kanunla ya da d\u00fczenlemeyle yasaklanm\u0131\u015f t\u00fcm maddeler.<\/li><li>S\u0131k\u0131\u015ft\u0131r\u0131lm\u0131\u015f veya s\u0131v\u0131 hale getirilmi\u015f gazlar veya bas\u0131n\u00e7 alt\u0131nda \u00e7\u00f6z\u00fcnen gazlar.<\/li><li>Tohum<\/li><li>Tamir ama\u00e7l\u0131 yurtd\u0131\u015f\u0131na g\u00f6nderilip geri gelecek \u00fcr\u00fcnler<\/li><li>Sanat eserleri, antikalar, y\u00fcr\u00fcrl\u00fckte olan herhangi bir mevzuat veya d\u00fczenleme taraf\u0131ndan yasaklanan yay\u0131nlar veya g\u00f6rsel-i\u015fitsel medya<\/li><li>\u0130lgili mevzuat ile al\u0131nmas\u0131, sat\u0131lmas\u0131, ta\u015f\u0131nmas\u0131 veya elden ele ge\u00e7mesi yasak edilen her t\u00fcrl\u00fc madde.<\/li><\/ul>\t\t\t\t\t\t\t\t<\/div>\n\t\t\t\t<\/div>\n\t\t\t\t<div class=\"elementor-element elementor-element-55edab9 elementor-widget elementor-widget-text-editor\" data-id=\"55edab9\" data-element_type=\"widget\" data-widget_type=\"text-editor.default\">\n\t\t\t\t<div class=\"elementor-widget-container\">\n\t\t\t\t\t\t\t\t\t<blockquote><p>\"<span>A Noktas\u0131ndan B Noktas\u0131na\u00a0<\/span>H\u0131zl\u0131 Teslimat<\/p><p>\u00c7\u00f6z\u00fcmlerimizden siz de faydalanmak istiyorsan\u0131z bizimle ileti\u015fime ge\u00e7in.\u201d<br \/><cite>Multi Transport<\/cite><\/p><\/blockquote>\t\t\t\t\t\t\t\t<\/div>\n\t\t\t\t<\/div>\n\t\t\t\t<div class=\"elementor-element elementor-element-7d94a13 elementor-widget elementor-widget-text-editor\" data-id=\"7d94a13\" data-element_type=\"widget\" data-widget_type=\"text-editor.default\">\n\t\t\t\t<div class=\"elementor-widget-container\">\n\t\t\t\t\t\t\t\t\t<p><span>G\u00fcncel Yasakl\u0131 \u00dcr\u00fcnler listesine g\u00f6re g\u00f6nderilerinizin Yasakl\u0131 \u00dcr\u00fcn olmad\u0131\u011f\u0131n\u0131 kontrol ve garanti etmek g\u00f6ndericinin sorumlulu\u011fundad\u0131r. Bu do\u011frultuda, g\u00f6nderileriniz aras\u0131nda bir Yasakl\u0131 \u00dcr\u00fcn tespit edilmesi halinde, s\u00f6z konusu g\u00f6nderi taraf\u0131n\u0131za iade edilmek \u00fczere al\u0131konulacak olup, Polis, G\u00fcmr\u00fck M\u00fcd\u00fcrl\u00fc\u011f\u00fc ve di\u011fer ilgili idari birimlere bildirim yap\u0131lmas\u0131 ile s\u00f6zle\u015fme feshi haklar\u0131 sakl\u0131 kalmak \u00fczere, her bir Yasakl\u0131 \u00dcr\u00fcn g\u00f6nderisi tespiti sonras\u0131nda, taraf\u0131n\u0131za elle\u00e7leme bedeli olarak kon\u015fimento ba\u015f\u0131na 100 EUR fatura edilecektir. Yurtd\u0131\u015f\u0131 g\u00f6nderilerinizde herhangi bir yasakl\u0131 \u00fcr\u00fcn bulunmad\u0131\u011f\u0131n\u0131, g\u00f6nderinin G Lojistik\u2019e teslimi \u00f6ncesinde kontrol etmeniz gerekti\u011fini \u00f6nemle hat\u0131rlat\u0131r\u0131z.<\/span><\/p>\t\t\t\t\t\t\t\t<\/div>\n\t\t\t\t<\/div>\n\t\t\t\t<div class=\"elementor-element elementor-element-e22e9da elementor-widget elementor-widget-spacer\" data-id=\"e22e9da\" data-element_type=\"widget\" data-widget_type=\"spacer.default\">\n\t\t\t\t<div class=\"elementor-widget-container\">\n\t\t\t\t\t\t\t<div class=\"elementor-spacer\">\n\t\t\t<div class=\"elementor-spacer-inner\"><\/div>\n\t\t<\/div>\n\t\t\t\t\t\t<\/div>\n\t\t\t\t<\/div>\n\t\t\t\t<section class=\"elementor-section elementor-inner-section elementor-element elementor-element-7371b7d elementor-section-boxed elementor-section-height-default elementor-section-height-default\" data-id=\"7371b7d\" data-element_type=\"section\">\n\t\t\t\t\t\t<div class=\"elementor-container elementor-column-gap-default\">\n\t\t\t\t\t<div class=\"elementor-column elementor-col-100 elementor-inner-column elementor-element elementor-element-4d880dd\" data-id=\"4d880dd\" data-element_type=\"column\">\n\t\t\t<div class=\"elementor-widget-wrap elementor-element-populated\">\n\t\t\t\t\t\t<div class=\"elementor-element elementor-element-db1effb elementor-widget elementor-widget-heading\" data-id=\"db1effb\" data-element_type=\"widget\" data-widget_type=\"heading.default\">\n\t\t\t\t<div class=\"elementor-widget-container\">\n\t\t\t\t\t<h2 class=\"elementor-heading-title elementor-size-default\">Contact us<\/h2>\t\t\t\t<\/div>\n\t\t\t\t<\/div>\n\t\t\t\t\t<\/div>\n\t\t<\/div>\n\t\t\t\t\t<\/div>\n\t\t<\/section>\n\t\t\t\t<div class=\"elementor-element elementor-element-1325049 elementor-widget elementor-widget-spacer\" data-id=\"1325049\" data-element_type=\"widget\" data-widget_type=\"spacer.default\">\n\t\t\t\t<div class=\"elementor-widget-container\">\n\t\t\t\t\t\t\t<div class=\"elementor-spacer\">\n\t\t\t<div class=\"elementor-spacer-inner\"><\/div>\n\t\t<\/div>\n\t\t\t\t\t\t<\/div>\n\t\t\t\t<\/div>\n\t\t\t\t\t<\/div>\n\t\t<\/div>\n\t\t\t\t<div class=\"elementor-column elementor-col-50 elementor-top-column elementor-element elementor-element-9f2d80d\" data-id=\"9f2d80d\" data-element_type=\"column\">\n\t\t\t<div class=\"elementor-widget-wrap elementor-element-populated\">\n\t\t\t\t\t\t<div class=\"elementor-element elementor-element-93212f2 elementor-widget elementor-widget-heading\" data-id=\"93212f2\" data-element_type=\"widget\" data-widget_type=\"heading.default\">\n\t\t\t\t<div class=\"elementor-widget-container\">\n\t\t\t\t\t<h4 class=\"elementor-heading-title elementor-size-default\">Logistics Services<\/h4>\t\t\t\t<\/div>\n\t\t\t\t<\/div>\n\t\t\t\t<div class=\"elementor-element elementor-element-dfc9ca8 elementor-widget-divider--view-line elementor-widget elementor-widget-divider\" data-id=\"dfc9ca8\" data-element_type=\"widget\" data-widget_type=\"divider.default\">\n\t\t\t\t<div class=\"elementor-widget-container\">\n\t\t\t\t\t\t\t<div class=\"elementor-divider\">\n\t\t\t<span class=\"elementor-divider-separator\">\n\t\t\t\t\t\t<\/span>\n\t\t<\/div>\n\t\t\t\t\t\t<\/div>\n\t\t\t\t<\/div>\n\t\t\t\t<div class=\"elementor-element elementor-element-d03c628 elementor-widget elementor-widget-spacer\" data-id=\"d03c628\" data-element_type=\"widget\" data-widget_type=\"spacer.default\">\n\t\t\t\t<div class=\"elementor-widget-container\">\n\t\t\t\t\t\t\t<div class=\"elementor-spacer\">\n\t\t\t<div class=\"elementor-spacer-inner\"><\/div>\n\t\t<\/div>\n\t\t\t\t\t\t<\/div>\n\t\t\t\t<\/div>\n\t\t\t\t<section class=\"elementor-section elementor-inner-section elementor-element elementor-element-4525d69 elementor-section-boxed elementor-section-height-default elementor-section-height-default\" data-id=\"4525d69\" data-element_type=\"section\">\n\t\t\t\t\t\t<div class=\"elementor-container elementor-column-gap-default\">\n\t\t\t\t\t<div class=\"elementor-column elementor-col-100 elementor-inner-column elementor-element elementor-element-981d6cb\" data-id=\"981d6cb\" data-element_type=\"column\" data-settings=\"{&quot;background_background&quot;:&quot;classic&quot;}\">\n\t\t\t<div class=\"elementor-widget-wrap elementor-element-populated\">\n\t\t\t\t\t\t<div class=\"elementor-element elementor-element-7023b01 elementor-widget elementor-widget-spacer\" data-id=\"7023b01\" data-element_type=\"widget\" data-widget_type=\"spacer.default\">\n\t\t\t\t<div class=\"elementor-widget-container\">\n\t\t\t\t\t\t\t<div class=\"elementor-spacer\">\n\t\t\t<div class=\"elementor-spacer-inner\"><\/div>\n\t\t<\/div>\n\t\t\t\t\t\t<\/div>\n\t\t\t\t<\/div>\n\t\t\t\t<div class=\"elementor-element elementor-element-58fe24e elementor-widget elementor-widget-spacer\" data-id=\"58fe24e\" data-element_type=\"widget\" data-widget_type=\"spacer.default\">\n\t\t\t\t<div class=\"elementor-widget-container\">\n\t\t\t\t\t\t\t<div class=\"elementor-spacer\">\n\t\t\t<div class=\"elementor-spacer-inner\"><\/div>\n\t\t<\/div>\n\t\t\t\t\t\t<\/div>\n\t\t\t\t<\/div>\n\t\t\t\t<div class=\"elementor-element elementor-element-99f7862 elementor-widget elementor-widget-heading\" data-id=\"99f7862\" data-element_type=\"widget\" data-widget_type=\"heading.default\">\n\t\t\t\t<div class=\"elementor-widget-container\">\n\t\t\t\t\t<h5 class=\"elementor-heading-title elementor-size-default\">For Business <br>Logistics and Cargo<\/h5>\t\t\t\t<\/div>\n\t\t\t\t<\/div>\n\t\t\t\t<div class=\"elementor-element elementor-element-65e6df3 elementor-widget elementor-widget-spacer\" data-id=\"65e6df3\" data-element_type=\"widget\" data-widget_type=\"spacer.default\">\n\t\t\t\t<div class=\"elementor-widget-container\">\n\t\t\t\t\t\t\t<div class=\"elementor-spacer\">\n\t\t\t<div class=\"elementor-spacer-inner\"><\/div>\n\t\t<\/div>\n\t\t\t\t\t\t<\/div>\n\t\t\t\t<\/div>\n\t\t\t\t<div class=\"elementor-element elementor-element-9535860 elementor-widget elementor-widget-spacer\" data-id=\"9535860\" data-element_type=\"widget\" data-widget_type=\"spacer.default\">\n\t\t\t\t<div class=\"elementor-widget-container\">\n\t\t\t\t\t\t\t<div class=\"elementor-spacer\">\n\t\t\t<div class=\"elementor-spacer-inner\"><\/div>\n\t\t<\/div>\n\t\t\t\t\t\t<\/div>\n\t\t\t\t<\/div>\n\t\t\t\t\t<\/div>\n\t\t<\/div>\n\t\t\t\t\t<\/div>\n\t\t<\/section>\n\t\t\t\t\t<\/div>\n\t\t<\/div>\n\t\t\t\t\t<\/div>\n\t\t<\/section>\n\t\t\t\t<\/div>","protected":false},"excerpt":{"rendered":"<p>Ta\u015f\u0131nmas\u0131 Yasak \u00dcr\u00fcnler Uluslararas\u0131 Kargo Ta\u015f\u0131mac\u0131l\u0131\u011f\u0131 (Ekspres Kurye Hizmeti) kapsam\u0131nda ta\u015f\u0131nmas\u0131 yasak \u00fcr\u00fcnler a\u015fa\u011f\u0131daki gibidir. Ticaret bakanl\u0131\u011f\u0131n\u0131n ihrac\u0131 yasak, \u00f6n izne ve kayda tabi \u00fcr\u00fcnler ile ilgili \u00fcr\u00fcnlerin ekspres kurye kapsam\u0131ndan ta\u015f\u0131nmas\u0131 yasakt\u0131r.\u00a0G\u00fcncel tebli\u011f i\u00e7in t\u0131klay\u0131n\u0131z.\u00a0 \u0130zin ve kay\u0131t ba\u015fvurular\u0131 Tek Pencere Sistemi (TPS) \u00fczerinden yap\u0131lmal\u0131d\u0131r. TPS\u2019nin Elektronik Ticaret G\u00fcmr\u00fck Beyan\u0131na (ETGB\u2019ye) uyumlu olmamas\u0131 sebebiyle, [&hellip;]<\/p>","protected":false},"author":1,"featured_media":0,"parent":0,"menu_order":0,"comment_status":"closed","ping_status":"open","template":"","meta":{"footnotes":""},"class_list":["post-6119","page","type-page","status-publish","hentry"],"_links":{"self":[{"href":"https:\/\/multitransport.com.tr\/en\/wp-json\/wp\/v2\/pages\/6119","targetHints":{"allow":["GET"]}}],"collection":[{"href":"https:\/\/multitransport.com.tr\/en\/wp-json\/wp\/v2\/pages"}],"about":[{"href":"https:\/\/multitransport.com.tr\/en\/wp-json\/wp\/v2\/types\/page"}],"author":[{"embeddable":true,"href":"https:\/\/multitransport.com.tr\/en\/wp-json\/wp\/v2\/users\/1"}],"replies":[{"embeddable":true,"href":"https:\/\/multitransport.com.tr\/en\/wp-json\/wp\/v2\/comments?post=6119"}],"version-history":[{"count":13,"href":"https:\/\/multitransport.com.tr\/en\/wp-json\/wp\/v2\/pages\/6119\/revisions"}],"predecessor-version":[{"id":6166,"href":"https:\/\/multitransport.com.tr\/en\/wp-json\/wp\/v2\/pages\/6119\/revisions\/6166"}],"wp:attachment":[{"href":"https:\/\/multitransport.com.tr\/en\/wp-json\/wp\/v2\/media?parent=6119"}],"curies":[{"name":"wp","href":"https:\/\/api.w.org\/{rel}","templated":true}]}}